{"id":555,"date":"2020-02-18T16:50:16","date_gmt":"2020-02-18T15:50:16","guid":{"rendered":"https:\/\/www.sunrockbiopharma.com\/home\/"},"modified":"2024-04-08T10:40:58","modified_gmt":"2024-04-08T08:40:58","slug":"home","status":"publish","type":"page","link":"https:\/\/www.sunrockbiopharma.com\/es\/","title":{"rendered":"Anticuerpos Oncol\u00f3gicos"},"content":{"rendered":"<p>[vc_row][vc_column css_animation=\u00bbfadeInUp\u00bb el_class=\u00bbbox-shadow\u00bb][vc_row_inner][vc_column_inner width=\u00bb1\/2&#8243;][vc_empty_space height=\u00bb80px\u00bb][vc_single_image image=\u00bb20&#8243; img_size=\u00bb\u00bb alignment=\u00bbcenter\u00bb][\/vc_column_inner][vc_column_inner width=\u00bb1\/2&#8243;][vc_empty_space height=\u00bb80px\u00bb el_class=\u00bbhidden-xs hidden-sm\u00bb][vc_column_text]SunRock es una compa\u00f1\u00eda biotecnol\u00f3gica dedicada al desarrollo de anticuerpos para el tratamiento de tumores altamente invasivos con necesidades cl\u00ednicas no cubiertas.[\/vc_column_text][\/vc_column_inner][\/vc_row_inner][vc_column_text]<\/p>\n<p style=\"text-align: center;\"><a class=\"btn\" href=\"\/es\/sunrock\">La Compa\u00f1\u00eda<\/a><\/p>\n<p>[\/vc_column_text][\/vc_column][\/vc_row][vc_row foundry_padding=\u00bbpt64 pb64&#8243; el_id=\u00bbinmuno-oncology-open\u00bb][vc_column css_animation=\u00bbfadeInLeft\u00bb width=\u00bb1\/2&#8243;][vc_column_text]<\/p>\n<h2>Biol\u00f3gicos como terapia frente al c\u00e1ncer en un marco de Innovaci\u00f3n Abierta<\/h2>\n<p>SunRock transforma el conocimiento de la Academia en soluciones reales de inmunoterapia. Para ello se apoya en una red de colaboradores que le permiten desarrollar alternativas terap\u00e9uticas innovadoras para patolog\u00edas de dif\u00edcil tratamiento.<\/p>\n<p style=\"text-align: center;\"><a class=\"btn\" href=\"\/es\/sunrock\/#sr-open\">Estrategia SRB<\/a><\/p>\n<p>[\/vc_column_text][\/vc_column][vc_column css_animation=\u00bbfadeInRight\u00bb width=\u00bb1\/2&#8243;][vc_single_image image=\u00bb252&#8243; img_size=\u00bb\u00bb][\/vc_column][\/vc_row][vc_row foundry_background_style=\u00bbbg-primary\u00bb el_id=\u00bbccr9&#8243;][vc_column css_animation=\u00bbfadeInLeft\u00bb width=\u00bb1\/2&#8243; el_class=\u00bbprogram-img\u00bb][vc_single_image image=\u00bb334&#8243; img_size=\u00bbfull\u00bb alignment=\u00bbcenter\u00bb][\/vc_column][vc_column css_animation=\u00bbfadeInRight\u00bb width=\u00bb1\/2&#8243;][vc_column_text]<\/p>\n<h2>Programa CCR9<\/h2>\n<p>El receptor de quimioquinas 9, CCR9, se sobreexpresa en tumores s\u00f3lidos y hematol\u00f3gicos. CCR9 promueve la capacidad metast\u00e1tica y el desarrollo de resistencias a tratamientos convencionales en estos tumores.<\/p>\n<p>SunRock ha desarrollado un novedoso anticuerpo anti-CCR9 con una afinidad mejorada por su diana y actividad antitumoral mediada por el sistema inmune. Su eficacia y seguridad se han demostrado en modelos precl\u00ednicos in vitro e in vivo de relevancia para la industria farmac\u00e9utica.<\/p>\n<p style=\"text-align: center;\"><a class=\"btn\" href=\"\/es\/ccr9\/\">Ver m\u00e1s<\/a><\/p>\n<p>[\/vc_column_text][\/vc_column][\/vc_row][vc_row el_id=\u00bbher3&#8243;][vc_column css_animation=\u00bbfadeInLeft\u00bb width=\u00bb1\/2&#8243;][vc_single_image image=\u00bb328&#8243; img_size=\u00bbfull\u00bb alignment=\u00bbcenter\u00bb el_class=\u00bbvisible-xs visible-sm program-img\u00bb][vc_column_text]<\/p>\n<h2>Programa HER3<\/h2>\n<p>Los receptores de factores de crecimiento epid\u00e9rmicos (EGFR) ejercen un papel clave en el desarrollo y regulaci\u00f3n de diferentes tipos tumorales, as\u00ed como en la aparici\u00f3n de resistencias a tratamientos convencionales.<\/p>\n<p>HER3 es una diana terap\u00e9utica validada, asociada a la progresi\u00f3n tumoral y, en consecuencia, a una supervivencia reducida y al desarrollo de resistencias frente a los f\u00e1rmacos dirigidos contra HER2 y EGFR.<\/p>\n<p>SunRock ha desarrollado una mol\u00e9cula anti-HER3 con afinidad mejorada y un mecanismo de acci\u00f3n novedoso que combate el desarrollo de resistencias y mejora la eficacia antitumoral de otros competidores anti-HER3.<\/p>\n<p style=\"text-align: center;\"><a class=\"btn\" href=\"\/es\/her3\/\">Ver m\u00e1s<\/a><\/p>\n<p>[\/vc_column_text][\/vc_column][vc_column css_animation=\u00bbfadeInRight\u00bb width=\u00bb1\/2&#8243; el_class=\u00bbprogram-img\u00bb][vc_single_image image=\u00bb328&#8243; img_size=\u00bbfull\u00bb alignment=\u00bbcenter\u00bb el_class=\u00bbhidden-xs hidden-sm\u00bb][\/vc_column][\/vc_row]<\/p>\n","protected":false},"excerpt":{"rendered":"<p>[vc_row][vc_column css_animation=\u00bbfadeInUp\u00bb el_class=\u00bbbox-shadow\u00bb][vc_row_inner][vc_column_inner width=\u00bb1\/2&#8243;][vc_empty_space height=\u00bb80px\u00bb][vc_single_image image=\u00bb20&#8243; img_size=\u00bb\u00bb alignment=\u00bbcenter\u00bb][\/vc_column_inner][vc_column_inner width=\u00bb1\/2&#8243;][vc_empty_space height=\u00bb80px\u00bb el_class=\u00bbhidden-xs hidden-sm\u00bb][vc_column_text]SunRock es una compa\u00f1\u00eda biotecnol\u00f3gica dedicada al desarrollo de anticuerpos&#8230;<\/p>\n","protected":false},"author":1,"featured_media":557,"parent":0,"menu_order":0,"comment_status":"closed","ping_status":"closed","template":"","meta":{"_mi_skip_tracking":false},"yoast_head":"<!-- This site is optimized with the Yoast SEO plugin v17.7.1 - https:\/\/yoast.com\/wordpress\/plugins\/seo\/ -->\r\n<title>SunRock Biopharma | Anticuerpos Oncol\u00f3gicos<\/title>\r\n<meta name=\"description\" content=\"SunRock es una compa\u00f1\u00eda biotecnol\u00f3gica dedicada al desarrollo de anticuerpos para el tratamiento de tumores invasivos con necesidades de terapias oncol\u00f3gicas\" \/>\r\n<meta name=\"robots\" content=\"index, follow, max-snippet:-1, max-image-preview:large, max-video-preview:-1\" \/>\r\n<link rel=\"canonical\" href=\"https:\/\/www.sunrockbiopharma.com\/es\/\" \/>\r\n<meta property=\"og:locale\" content=\"es_ES\" \/>\r\n<meta property=\"og:type\" content=\"article\" \/>\r\n<meta property=\"og:title\" content=\"SunRock Biopharma | Anticuerpos Oncol\u00f3gicos\" \/>\r\n<meta property=\"og:description\" content=\"SunRock es una compa\u00f1\u00eda biotecnol\u00f3gica dedicada al desarrollo de anticuerpos para el tratamiento de tumores invasivos con necesidades de terapias oncol\u00f3gicas\" \/>\r\n<meta property=\"og:url\" content=\"https:\/\/www.sunrockbiopharma.com\/es\/\" \/>\r\n<meta property=\"og:site_name\" content=\"SunRock Biopharma\" \/>\r\n<meta property=\"article:modified_time\" content=\"2024-04-08T08:40:58+00:00\" \/>\r\n<meta property=\"og:image\" content=\"https:\/\/www.sunrockbiopharma.com\/wp-content\/uploads\/2020\/09\/sunrock-seo-fb.png\" \/>\r\n\t<meta property=\"og:image:width\" content=\"1201\" \/>\r\n\t<meta property=\"og:image:height\" content=\"631\" \/>\r\n<meta name=\"twitter:card\" content=\"summary_large_image\" \/>\r\n<meta name=\"twitter:title\" content=\"SunRock Biopharma | Anticuerpos Oncol\u00f3gicos\" \/>\r\n<meta name=\"twitter:description\" content=\"SunRock es una compa\u00f1\u00eda biotecnol\u00f3gica dedicada al desarrollo de anticuerpos para el tratamiento de tumores invasivos con necesidades de terapias oncol\u00f3gicas\" \/>\r\n<meta name=\"twitter:image\" content=\"https:\/\/www.sunrockbiopharma.com\/wp-content\/uploads\/2020\/09\/sunrock-seo-tw.png\" \/>\r\n<meta name=\"twitter:label1\" content=\"Tiempo de lectura\" \/>\n\t<meta name=\"twitter:data1\" content=\"2 minutos\" \/>\r\n<script type=\"application\/ld+json\" class=\"yoast-schema-graph\">{\"@context\":\"https:\/\/schema.org\",\"@graph\":[{\"@type\":\"Organization\",\"@id\":\"https:\/\/www.sunrockbiopharma.com\/#organization\",\"name\":\"SunRock Biopharma\",\"url\":\"https:\/\/www.sunrockbiopharma.com\/\",\"sameAs\":[],\"logo\":{\"@type\":\"ImageObject\",\"@id\":\"https:\/\/www.sunrockbiopharma.com\/#logo\",\"inLanguage\":\"es\",\"url\":\"https:\/\/www.sunrockbiopharma.com\/wp-content\/uploads\/2020\/09\/sunrock-seo-fb.png\",\"contentUrl\":\"https:\/\/www.sunrockbiopharma.com\/wp-content\/uploads\/2020\/09\/sunrock-seo-fb.png\",\"width\":1201,\"height\":631,\"caption\":\"SunRock Biopharma\"},\"image\":{\"@id\":\"https:\/\/www.sunrockbiopharma.com\/#logo\"}},{\"@type\":\"WebSite\",\"@id\":\"https:\/\/www.sunrockbiopharma.com\/#website\",\"url\":\"https:\/\/www.sunrockbiopharma.com\/\",\"name\":\"SunRock Biopharma\",\"description\":\"Solutions for cancer therapy\",\"publisher\":{\"@id\":\"https:\/\/www.sunrockbiopharma.com\/#organization\"},\"potentialAction\":[{\"@type\":\"SearchAction\",\"target\":{\"@type\":\"EntryPoint\",\"urlTemplate\":\"https:\/\/www.sunrockbiopharma.com\/?s={search_term_string}\"},\"query-input\":\"required name=search_term_string\"}],\"inLanguage\":\"es\"},{\"@type\":\"ImageObject\",\"@id\":\"https:\/\/www.sunrockbiopharma.com\/es\/#primaryimage\",\"inLanguage\":\"es\",\"url\":\"https:\/\/www.sunrockbiopharma.com\/wp-content\/uploads\/2020\/09\/sunrock-seo-fb.png\",\"contentUrl\":\"https:\/\/www.sunrockbiopharma.com\/wp-content\/uploads\/2020\/09\/sunrock-seo-fb.png\",\"width\":1201,\"height\":631,\"caption\":\"sunrock\"},{\"@type\":\"WebPage\",\"@id\":\"https:\/\/www.sunrockbiopharma.com\/es\/#webpage\",\"url\":\"https:\/\/www.sunrockbiopharma.com\/es\/\",\"name\":\"SunRock Biopharma | Anticuerpos Oncol\\u00f3gicos\",\"isPartOf\":{\"@id\":\"https:\/\/www.sunrockbiopharma.com\/#website\"},\"primaryImageOfPage\":{\"@id\":\"https:\/\/www.sunrockbiopharma.com\/es\/#primaryimage\"},\"datePublished\":\"2020-02-18T15:50:16+00:00\",\"dateModified\":\"2024-04-08T08:40:58+00:00\",\"description\":\"SunRock es una compa\\u00f1\\u00eda biotecnol\\u00f3gica dedicada al desarrollo de anticuerpos para el tratamiento de tumores invasivos con necesidades de terapias oncol\\u00f3gicas\",\"breadcrumb\":{\"@id\":\"https:\/\/www.sunrockbiopharma.com\/es\/#breadcrumb\"},\"inLanguage\":\"es\",\"potentialAction\":[{\"@type\":\"ReadAction\",\"target\":[\"https:\/\/www.sunrockbiopharma.com\/es\/\"]}]},{\"@type\":\"BreadcrumbList\",\"@id\":\"https:\/\/www.sunrockbiopharma.com\/es\/#breadcrumb\",\"itemListElement\":[{\"@type\":\"ListItem\",\"position\":1,\"name\":\"Home\",\"item\":\"https:\/\/www.sunrockbiopharma.com\/es\/\"},{\"@type\":\"ListItem\",\"position\":2,\"name\":\"Anticuerpos Oncol\\u00f3gicos\"}]}]}<\/script>\r\n<!-- \/ Yoast SEO plugin. -->","yoast_head_json":{"title":"SunRock Biopharma | Anticuerpos Oncol\u00f3gicos","description":"SunRock es una compa\u00f1\u00eda biotecnol\u00f3gica dedicada al desarrollo de anticuerpos para el tratamiento de tumores invasivos con necesidades de terapias oncol\u00f3gicas","robots":{"index":"index","follow":"follow","max-snippet":"max-snippet:-1","max-image-preview":"max-image-preview:large","max-video-preview":"max-video-preview:-1"},"canonical":"https:\/\/www.sunrockbiopharma.com\/es\/","og_locale":"es_ES","og_type":"article","og_title":"SunRock Biopharma | Anticuerpos Oncol\u00f3gicos","og_description":"SunRock es una compa\u00f1\u00eda biotecnol\u00f3gica dedicada al desarrollo de anticuerpos para el tratamiento de tumores invasivos con necesidades de terapias oncol\u00f3gicas","og_url":"https:\/\/www.sunrockbiopharma.com\/es\/","og_site_name":"SunRock Biopharma","article_modified_time":"2024-04-08T08:40:58+00:00","og_image":[{"width":1201,"height":631,"url":"https:\/\/www.sunrockbiopharma.com\/wp-content\/uploads\/2020\/09\/sunrock-seo-fb.png","type":"image\/png"}],"twitter_card":"summary_large_image","twitter_title":"SunRock Biopharma | Anticuerpos Oncol\u00f3gicos","twitter_description":"SunRock es una compa\u00f1\u00eda biotecnol\u00f3gica dedicada al desarrollo de anticuerpos para el tratamiento de tumores invasivos con necesidades de terapias oncol\u00f3gicas","twitter_image":"https:\/\/www.sunrockbiopharma.com\/wp-content\/uploads\/2020\/09\/sunrock-seo-tw.png","twitter_misc":{"Tiempo de lectura":"2 minutos"},"schema":{"@context":"https:\/\/schema.org","@graph":[{"@type":"Organization","@id":"https:\/\/www.sunrockbiopharma.com\/#organization","name":"SunRock Biopharma","url":"https:\/\/www.sunrockbiopharma.com\/","sameAs":[],"logo":{"@type":"ImageObject","@id":"https:\/\/www.sunrockbiopharma.com\/#logo","inLanguage":"es","url":"https:\/\/www.sunrockbiopharma.com\/wp-content\/uploads\/2020\/09\/sunrock-seo-fb.png","contentUrl":"https:\/\/www.sunrockbiopharma.com\/wp-content\/uploads\/2020\/09\/sunrock-seo-fb.png","width":1201,"height":631,"caption":"SunRock Biopharma"},"image":{"@id":"https:\/\/www.sunrockbiopharma.com\/#logo"}},{"@type":"WebSite","@id":"https:\/\/www.sunrockbiopharma.com\/#website","url":"https:\/\/www.sunrockbiopharma.com\/","name":"SunRock Biopharma","description":"Solutions for cancer therapy","publisher":{"@id":"https:\/\/www.sunrockbiopharma.com\/#organization"},"potentialAction":[{"@type":"SearchAction","target":{"@type":"EntryPoint","urlTemplate":"https:\/\/www.sunrockbiopharma.com\/?s={search_term_string}"},"query-input":"required name=search_term_string"}],"inLanguage":"es"},{"@type":"ImageObject","@id":"https:\/\/www.sunrockbiopharma.com\/es\/#primaryimage","inLanguage":"es","url":"https:\/\/www.sunrockbiopharma.com\/wp-content\/uploads\/2020\/09\/sunrock-seo-fb.png","contentUrl":"https:\/\/www.sunrockbiopharma.com\/wp-content\/uploads\/2020\/09\/sunrock-seo-fb.png","width":1201,"height":631,"caption":"sunrock"},{"@type":"WebPage","@id":"https:\/\/www.sunrockbiopharma.com\/es\/#webpage","url":"https:\/\/www.sunrockbiopharma.com\/es\/","name":"SunRock Biopharma | Anticuerpos Oncol\u00f3gicos","isPartOf":{"@id":"https:\/\/www.sunrockbiopharma.com\/#website"},"primaryImageOfPage":{"@id":"https:\/\/www.sunrockbiopharma.com\/es\/#primaryimage"},"datePublished":"2020-02-18T15:50:16+00:00","dateModified":"2024-04-08T08:40:58+00:00","description":"SunRock es una compa\u00f1\u00eda biotecnol\u00f3gica dedicada al desarrollo de anticuerpos para el tratamiento de tumores invasivos con necesidades de terapias oncol\u00f3gicas","breadcrumb":{"@id":"https:\/\/www.sunrockbiopharma.com\/es\/#breadcrumb"},"inLanguage":"es","potentialAction":[{"@type":"ReadAction","target":["https:\/\/www.sunrockbiopharma.com\/es\/"]}]},{"@type":"BreadcrumbList","@id":"https:\/\/www.sunrockbiopharma.com\/es\/#breadcrumb","itemListElement":[{"@type":"ListItem","position":1,"name":"Home","item":"https:\/\/www.sunrockbiopharma.com\/es\/"},{"@type":"ListItem","position":2,"name":"Anticuerpos Oncol\u00f3gicos"}]}]}},"_links":{"self":[{"href":"https:\/\/www.sunrockbiopharma.com\/es\/wp-json\/wp\/v2\/pages\/555"}],"collection":[{"href":"https:\/\/www.sunrockbiopharma.com\/es\/wp-json\/wp\/v2\/pages"}],"about":[{"href":"https:\/\/www.sunrockbiopharma.com\/es\/wp-json\/wp\/v2\/types\/page"}],"author":[{"embeddable":true,"href":"https:\/\/www.sunrockbiopharma.com\/es\/wp-json\/wp\/v2\/users\/1"}],"replies":[{"embeddable":true,"href":"https:\/\/www.sunrockbiopharma.com\/es\/wp-json\/wp\/v2\/comments?post=555"}],"version-history":[{"count":14,"href":"https:\/\/www.sunrockbiopharma.com\/es\/wp-json\/wp\/v2\/pages\/555\/revisions"}],"predecessor-version":[{"id":1226,"href":"https:\/\/www.sunrockbiopharma.com\/es\/wp-json\/wp\/v2\/pages\/555\/revisions\/1226"}],"wp:featuredmedia":[{"embeddable":true,"href":"https:\/\/www.sunrockbiopharma.com\/es\/wp-json\/wp\/v2\/media\/557"}],"wp:attachment":[{"href":"https:\/\/www.sunrockbiopharma.com\/es\/wp-json\/wp\/v2\/media?parent=555"}],"curies":[{"name":"wp","href":"https:\/\/api.w.org\/{rel}","templated":true}]}}